{"id":14333,"date":"2023-07-19T08:24:36","date_gmt":"2023-07-19T06:24:36","guid":{"rendered":"https:\/\/www.tomsgates.com\/cookie-policy\/"},"modified":"2023-10-27T11:15:42","modified_gmt":"2023-10-27T09:15:42","slug":"cookie-policy","status":"publish","type":"page","link":"https:\/\/www.tomsgates.com\/fr\/cookie-policy\/","title":{"rendered":"Politique de cookies"},"content":{"rendered":"<section class=\"l-section wpb_row height_large\"><div class=\"l-section-h i-cf\"><div class=\"g-cols vc_row via_grid cols_1 laptops-cols_inherit tablets-cols_inherit mobiles-cols_1 valign_top type_default stacking_default\"><div class=\"wpb_column vc_column_container\"><div class=\"vc_column-inner\"><div class=\"g-cols wpb_row via_grid cols_1 laptops-cols_inherit tablets-cols_inherit mobiles-cols_1 valign_top type_default stacking_default\" style=\"--columns-gap:3rem;\"><div class=\"wpb_column vc_column_container\"><div class=\"vc_column-inner\"><div class=\"wpb_text_column\"><div class=\"wpb_wrapper\"><h1 class=\"pt16\">Politique de cookies<\/h1>\n<p>Cookies are small bits of text sent by our servers to your computer or device when you access our services. They are stored in your browser and later sent back to our servers so that we can provide contextual content. Without cookies, using the web would be a much more frustrating experience. We use them to support your activities on our website. For example, your session (so you don&rsquo;t have to login again) or your shopping cart.<br \/>\nCookies are also used to help us understand your preferences based on previous or current activity on our website (the pages you have visited), your language and country, which enables us to provide you with improved services. We also use cookies to help us compile aggregate data about site traffic and site interaction so that we can offer better site experiences and tools in the future.<\/p>\n<p>Here is an overview of the cookies that may be stored on your device when you visit our website:<\/p>\n<div class=\"table-responsive\">\n<table class=\"small table table-bordered text-center\">\n<thead class=\"thead-light\">\n<tr>\n<th scope=\"col\">Cat\u00e9gorie de cookie<\/th>\n<th scope=\"col\">But<\/th>\n<th scope=\"col\">Exemples<\/th>\n<\/tr>\n<\/thead>\n<tbody>\n<tr>\n<td>Session &amp; Security<\/td>\n<td>Authentifier les utilisateurs, prot\u00e9ger les donn\u00e9es des utilisateurs et permettre au site Web de fournir les services attendus par les utilisateurs, comme la conservation du contenu de leur panier ou l&rsquo;autorisation de t\u00e9l\u00e9charger des fichiers.<\/p>\n<p>The website will not work properly if you reject or discard those cookies.<\/td>\n<td>session_id (Odoo)<br \/>\nfileToken (Odoo)<\/td>\n<\/tr>\n<tr>\n<td>Pr\u00e9f\u00e9rences<\/td>\n<td>Souvenez-vous des informations sur l&rsquo;apparence ou le comportement pr\u00e9f\u00e9r\u00e9 du site Web, comme votre langue ou votre r\u00e9gion pr\u00e9f\u00e9r\u00e9e.<\/p>\n<p>Your experience may be degraded if you discard those cookies, but the website will still work.<\/td>\n<td>frontend_lang (Odoo)<\/td>\n<\/tr>\n<tr>\n<td>Historique des interactions<\/td>\n<td>Used to collect information about your interactions with the website, the pages you&rsquo;ve seen, and any specific marketing campaign that brought you to the website.<\/p>\n<p>We may not be able to provide the best service to you if you reject those cookies, but the website will work.<\/td>\n<td>im_livechat_previous_operator_pid (Odoo)<br \/>\nutm_campaign (Odoo)<br \/>\nutm_source (Odoo)<br \/>\nutm_medium (Odoo)<\/td>\n<\/tr>\n<tr>\n<td>Publicit\u00e9 &amp; Marketing<\/td>\n<td>Used to make advertising more engaging to users and more valuable to publishers and advertisers, such as providing more relevant ads when you visit other websites that display ads or to improve reporting on ad campaign performance.<\/p>\n<p>Notez que certains services tiers peuvent installer des cookies suppl\u00e9mentaires sur votre navigateur afin de vous identifier.<\/p>\n<p>You may opt-out of a third-party&rsquo;s use of cookies by visiting the\u00a0<a href=\"https:\/\/optout.networkadvertising.org\/?c=1\" rel=\"nofollow\">Page de d\u00e9sactivation de la Network Advertising Initiative<\/a>. The website will still work if you reject or discard those cookies.<\/td>\n<td>__gads (Google)<br \/>\n__gac (Google)<\/td>\n<\/tr>\n<tr>\n<td>Analytics<\/td>\n<td>Understand how visitors engage with our website, via Google Analytics. Learn more about\u00a0<a href=\"https:\/\/developers.google.com\/analytics\/resources\/concepts\/gaConceptsCookies?hl=en\">Cookies analytiques et informations de confidentialit\u00e9.<\/a><\/p>\n<p>The website will still work if you reject or discard those cookies.<\/td>\n<td>_ga (Google)<br \/>\n_gat (Google)<br \/>\n_gid (Google)<br \/>\n_gac_* (Google)<\/td>\n<\/tr>\n<\/tbody>\n<\/table>\n<\/div>\n<p>You can choose to have your computer warn you each time a cookie is being sent, or you can choose to turn off all cookies. Each browser is a little different, so look at your browser&rsquo;s Help menu to learn the correct way to modify your cookies.<\/p>\n<p>We do not currently support Do Not Track signals, as there is no industry standard for compliance.<\/p>\n<\/div><\/div><\/div><\/div><\/div><\/div><\/div><\/div><\/div><\/section>\n","protected":false},"excerpt":{"rendered":"Politique de cookies Cookies are small bits of text sent by our servers to your computer or device when you access our services. They are stored in your browser and later sent back to our servers so that we can provide contextual content. Without cookies, using the web would be a much more frustrating experience....","protected":false},"author":664,"featured_media":13112,"parent":0,"menu_order":118,"comment_status":"closed","ping_status":"closed","template":"","meta":{"_acf_changed":false,"footnotes":""},"class_list":["post-14333","page","type-page","status-publish","has-post-thumbnail","hentry"],"acf":[],"yoast_head":"<!-- This site is optimized with the Yoast SEO plugin v27.4 - https:\/\/yoast.com\/product\/yoast-seo-wordpress\/ -->\n<title>Politique de cookies - Tomsgates<\/title>\n<meta name=\"description\" content=\"D\u00e9couvrez notre politique de cookies chez Tomsgates. Apprenez \u00e0 g\u00e9rer vos pr\u00e9f\u00e9rences pour une meilleure exp\u00e9rience.\" \/>\n<meta name=\"robots\" content=\"index, follow, max-snippet:-1, max-image-preview:large, max-video-preview:-1\" \/>\n<link rel=\"canonical\" href=\"https:\/\/www.tomsgates.com\/fr\/cookie-policy\/\" \/>\n<meta property=\"og:locale\" content=\"fr_FR\" \/>\n<meta property=\"og:type\" content=\"article\" \/>\n<meta property=\"og:title\" content=\"Politique de cookies - Tomsgates\" \/>\n<meta property=\"og:description\" content=\"D\u00e9couvrez notre politique de cookies chez Tomsgates. Apprenez \u00e0 g\u00e9rer vos pr\u00e9f\u00e9rences pour une meilleure exp\u00e9rience.\" \/>\n<meta property=\"og:url\" content=\"https:\/\/www.tomsgates.com\/fr\/cookie-policy\/\" \/>\n<meta property=\"og:site_name\" content=\"Tomsgates\" \/>\n<meta property=\"article:publisher\" content=\"https:\/\/www.facebook.com\/tomsgates.petdoors\" \/>\n<meta property=\"article:modified_time\" content=\"2023-10-27T09:15:42+00:00\" \/>\n<meta property=\"og:image\" content=\"https:\/\/www.tomsgates.com\/wp-content\/uploads\/2023\/06\/cute-dog-behind-the-kitchen-table-2022-02-08-22-39-25-utc-1-1024x641.png\" \/>\n\t<meta property=\"og:image:width\" content=\"1024\" \/>\n\t<meta property=\"og:image:height\" content=\"641\" \/>\n\t<meta property=\"og:image:type\" content=\"image\/png\" \/>\n<meta name=\"twitter:card\" content=\"summary_large_image\" \/>\n<meta name=\"twitter:label1\" content=\"Dur\u00e9e de lecture estim\u00e9e\" \/>\n\t<meta name=\"twitter:data1\" content=\"3 minutes\" \/>\n<script type=\"application\/ld+json\" class=\"yoast-schema-graph\">{\"@context\":\"https:\\\/\\\/schema.org\",\"@graph\":[{\"@type\":\"WebPage\",\"@id\":\"https:\\\/\\\/www.tomsgates.com\\\/fr\\\/cookie-policy\\\/\",\"url\":\"https:\\\/\\\/www.tomsgates.com\\\/fr\\\/cookie-policy\\\/\",\"name\":\"Politique de cookies - Tomsgates\",\"isPartOf\":{\"@id\":\"https:\\\/\\\/www.tomsgates.com\\\/fr\\\/#website\"},\"primaryImageOfPage\":{\"@id\":\"https:\\\/\\\/www.tomsgates.com\\\/fr\\\/cookie-policy\\\/#primaryimage\"},\"image\":{\"@id\":\"https:\\\/\\\/www.tomsgates.com\\\/fr\\\/cookie-policy\\\/#primaryimage\"},\"thumbnailUrl\":\"https:\\\/\\\/www.tomsgates.com\\\/wp-content\\\/uploads\\\/2023\\\/06\\\/cute-dog-behind-the-kitchen-table-2022-02-08-22-39-25-utc-1-scaled.png\",\"datePublished\":\"2023-07-19T06:24:36+00:00\",\"dateModified\":\"2023-10-27T09:15:42+00:00\",\"description\":\"D\u00e9couvrez notre politique de cookies chez Tomsgates. Apprenez \u00e0 g\u00e9rer vos pr\u00e9f\u00e9rences pour une meilleure exp\u00e9rience.\",\"breadcrumb\":{\"@id\":\"https:\\\/\\\/www.tomsgates.com\\\/fr\\\/cookie-policy\\\/#breadcrumb\"},\"inLanguage\":\"fr-FR\",\"potentialAction\":[{\"@type\":\"ReadAction\",\"target\":[\"https:\\\/\\\/www.tomsgates.com\\\/fr\\\/cookie-policy\\\/\"]}]},{\"@type\":\"ImageObject\",\"inLanguage\":\"fr-FR\",\"@id\":\"https:\\\/\\\/www.tomsgates.com\\\/fr\\\/cookie-policy\\\/#primaryimage\",\"url\":\"https:\\\/\\\/www.tomsgates.com\\\/wp-content\\\/uploads\\\/2023\\\/06\\\/cute-dog-behind-the-kitchen-table-2022-02-08-22-39-25-utc-1-scaled.png\",\"contentUrl\":\"https:\\\/\\\/www.tomsgates.com\\\/wp-content\\\/uploads\\\/2023\\\/06\\\/cute-dog-behind-the-kitchen-table-2022-02-08-22-39-25-utc-1-scaled.png\",\"width\":2560,\"height\":1602},{\"@type\":\"BreadcrumbList\",\"@id\":\"https:\\\/\\\/www.tomsgates.com\\\/fr\\\/cookie-policy\\\/#breadcrumb\",\"itemListElement\":[{\"@type\":\"ListItem\",\"position\":1,\"name\":\"Home\",\"item\":\"https:\\\/\\\/www.tomsgates.com\\\/fr\\\/\"},{\"@type\":\"ListItem\",\"position\":2,\"name\":\"Politique de cookies\"}]},{\"@type\":\"WebSite\",\"@id\":\"https:\\\/\\\/www.tomsgates.com\\\/fr\\\/#website\",\"url\":\"https:\\\/\\\/www.tomsgates.com\\\/fr\\\/\",\"name\":\"Tomsgates\",\"description\":\"Fine Pet Equipment\",\"publisher\":{\"@id\":\"https:\\\/\\\/www.tomsgates.com\\\/fr\\\/#organization\"},\"potentialAction\":[{\"@type\":\"SearchAction\",\"target\":{\"@type\":\"EntryPoint\",\"urlTemplate\":\"https:\\\/\\\/www.tomsgates.com\\\/fr\\\/?s={search_term_string}\"},\"query-input\":{\"@type\":\"PropertyValueSpecification\",\"valueRequired\":true,\"valueName\":\"search_term_string\"}}],\"inLanguage\":\"fr-FR\"},{\"@type\":\"Organization\",\"@id\":\"https:\\\/\\\/www.tomsgates.com\\\/fr\\\/#organization\",\"name\":\"Tomsgates\",\"url\":\"https:\\\/\\\/www.tomsgates.com\\\/fr\\\/\",\"logo\":{\"@type\":\"ImageObject\",\"inLanguage\":\"fr-FR\",\"@id\":\"https:\\\/\\\/www.tomsgates.com\\\/fr\\\/#\\\/schema\\\/logo\\\/image\\\/\",\"url\":\"https:\\\/\\\/www.tomsgates.com\\\/wp-content\\\/uploads\\\/2023\\\/05\\\/logo-tomsgates.svg\",\"contentUrl\":\"https:\\\/\\\/www.tomsgates.com\\\/wp-content\\\/uploads\\\/2023\\\/05\\\/logo-tomsgates.svg\",\"width\":1,\"height\":1,\"caption\":\"Tomsgates\"},\"image\":{\"@id\":\"https:\\\/\\\/www.tomsgates.com\\\/fr\\\/#\\\/schema\\\/logo\\\/image\\\/\"},\"sameAs\":[\"https:\\\/\\\/www.facebook.com\\\/tomsgates.petdoors\",\"https:\\\/\\\/www.instagram.com\\\/tomsgates_com\\\/\"]}]}<\/script>\n<!-- \/ Yoast SEO plugin. -->","yoast_head_json":{"title":"Politique de cookies - Tomsgates","description":"D\u00e9couvrez notre politique de cookies chez Tomsgates. Apprenez \u00e0 g\u00e9rer vos pr\u00e9f\u00e9rences pour une meilleure exp\u00e9rience.","robots":{"index":"index","follow":"follow","max-snippet":"max-snippet:-1","max-image-preview":"max-image-preview:large","max-video-preview":"max-video-preview:-1"},"canonical":"https:\/\/www.tomsgates.com\/fr\/cookie-policy\/","og_locale":"fr_FR","og_type":"article","og_title":"Politique de cookies - Tomsgates","og_description":"D\u00e9couvrez notre politique de cookies chez Tomsgates. Apprenez \u00e0 g\u00e9rer vos pr\u00e9f\u00e9rences pour une meilleure exp\u00e9rience.","og_url":"https:\/\/www.tomsgates.com\/fr\/cookie-policy\/","og_site_name":"Tomsgates","article_publisher":"https:\/\/www.facebook.com\/tomsgates.petdoors","article_modified_time":"2023-10-27T09:15:42+00:00","og_image":[{"width":1024,"height":641,"url":"https:\/\/www.tomsgates.com\/wp-content\/uploads\/2023\/06\/cute-dog-behind-the-kitchen-table-2022-02-08-22-39-25-utc-1-1024x641.png","type":"image\/png"}],"twitter_card":"summary_large_image","twitter_misc":{"Dur\u00e9e de lecture estim\u00e9e":"3 minutes"},"schema":{"@context":"https:\/\/schema.org","@graph":[{"@type":"WebPage","@id":"https:\/\/www.tomsgates.com\/fr\/cookie-policy\/","url":"https:\/\/www.tomsgates.com\/fr\/cookie-policy\/","name":"Politique de cookies - Tomsgates","isPartOf":{"@id":"https:\/\/www.tomsgates.com\/fr\/#website"},"primaryImageOfPage":{"@id":"https:\/\/www.tomsgates.com\/fr\/cookie-policy\/#primaryimage"},"image":{"@id":"https:\/\/www.tomsgates.com\/fr\/cookie-policy\/#primaryimage"},"thumbnailUrl":"https:\/\/www.tomsgates.com\/wp-content\/uploads\/2023\/06\/cute-dog-behind-the-kitchen-table-2022-02-08-22-39-25-utc-1-scaled.png","datePublished":"2023-07-19T06:24:36+00:00","dateModified":"2023-10-27T09:15:42+00:00","description":"D\u00e9couvrez notre politique de cookies chez Tomsgates. Apprenez \u00e0 g\u00e9rer vos pr\u00e9f\u00e9rences pour une meilleure exp\u00e9rience.","breadcrumb":{"@id":"https:\/\/www.tomsgates.com\/fr\/cookie-policy\/#breadcrumb"},"inLanguage":"fr-FR","potentialAction":[{"@type":"ReadAction","target":["https:\/\/www.tomsgates.com\/fr\/cookie-policy\/"]}]},{"@type":"ImageObject","inLanguage":"fr-FR","@id":"https:\/\/www.tomsgates.com\/fr\/cookie-policy\/#primaryimage","url":"https:\/\/www.tomsgates.com\/wp-content\/uploads\/2023\/06\/cute-dog-behind-the-kitchen-table-2022-02-08-22-39-25-utc-1-scaled.png","contentUrl":"https:\/\/www.tomsgates.com\/wp-content\/uploads\/2023\/06\/cute-dog-behind-the-kitchen-table-2022-02-08-22-39-25-utc-1-scaled.png","width":2560,"height":1602},{"@type":"BreadcrumbList","@id":"https:\/\/www.tomsgates.com\/fr\/cookie-policy\/#breadcrumb","itemListElement":[{"@type":"ListItem","position":1,"name":"Home","item":"https:\/\/www.tomsgates.com\/fr\/"},{"@type":"ListItem","position":2,"name":"Politique de cookies"}]},{"@type":"WebSite","@id":"https:\/\/www.tomsgates.com\/fr\/#website","url":"https:\/\/www.tomsgates.com\/fr\/","name":"Tomsgates","description":"Fine Pet Equipment","publisher":{"@id":"https:\/\/www.tomsgates.com\/fr\/#organization"},"potentialAction":[{"@type":"SearchAction","target":{"@type":"EntryPoint","urlTemplate":"https:\/\/www.tomsgates.com\/fr\/?s={search_term_string}"},"query-input":{"@type":"PropertyValueSpecification","valueRequired":true,"valueName":"search_term_string"}}],"inLanguage":"fr-FR"},{"@type":"Organization","@id":"https:\/\/www.tomsgates.com\/fr\/#organization","name":"Tomsgates","url":"https:\/\/www.tomsgates.com\/fr\/","logo":{"@type":"ImageObject","inLanguage":"fr-FR","@id":"https:\/\/www.tomsgates.com\/fr\/#\/schema\/logo\/image\/","url":"https:\/\/www.tomsgates.com\/wp-content\/uploads\/2023\/05\/logo-tomsgates.svg","contentUrl":"https:\/\/www.tomsgates.com\/wp-content\/uploads\/2023\/05\/logo-tomsgates.svg","width":1,"height":1,"caption":"Tomsgates"},"image":{"@id":"https:\/\/www.tomsgates.com\/fr\/#\/schema\/logo\/image\/"},"sameAs":["https:\/\/www.facebook.com\/tomsgates.petdoors","https:\/\/www.instagram.com\/tomsgates_com\/"]}]}},"_links":{"self":[{"href":"https:\/\/www.tomsgates.com\/fr\/wp-json\/wp\/v2\/pages\/14333","targetHints":{"allow":["GET"]}}],"collection":[{"href":"https:\/\/www.tomsgates.com\/fr\/wp-json\/wp\/v2\/pages"}],"about":[{"href":"https:\/\/www.tomsgates.com\/fr\/wp-json\/wp\/v2\/types\/page"}],"author":[{"embeddable":true,"href":"https:\/\/www.tomsgates.com\/fr\/wp-json\/wp\/v2\/users\/664"}],"replies":[{"embeddable":true,"href":"https:\/\/www.tomsgates.com\/fr\/wp-json\/wp\/v2\/comments?post=14333"}],"version-history":[{"count":1,"href":"https:\/\/www.tomsgates.com\/fr\/wp-json\/wp\/v2\/pages\/14333\/revisions"}],"predecessor-version":[{"id":23798,"href":"https:\/\/www.tomsgates.com\/fr\/wp-json\/wp\/v2\/pages\/14333\/revisions\/23798"}],"wp:featuredmedia":[{"embeddable":true,"href":"https:\/\/www.tomsgates.com\/fr\/wp-json\/wp\/v2\/media\/13112"}],"wp:attachment":[{"href":"https:\/\/www.tomsgates.com\/fr\/wp-json\/wp\/v2\/media?parent=14333"}],"curies":[{"name":"wp","href":"https:\/\/api.w.org\/{rel}","templated":true}]}}