{"id":14388,"date":"2023-05-08T07:53:10","date_gmt":"2023-05-08T05:53:10","guid":{"rendered":"https:\/\/www.tomsgates.com\/contact\/"},"modified":"2025-07-18T10:54:07","modified_gmt":"2025-07-18T08:54:07","slug":"contact","status":"publish","type":"page","link":"https:\/\/www.tomsgates.com\/fr\/contact\/","title":{"rendered":"Contact"},"content":{"rendered":"<section class=\"l-section wpb_row us_custom_551af0ce height_large\"><div class=\"l-section-h i-cf\"><div class=\"g-cols vc_row via_grid cols_1 laptops-cols_inherit tablets-cols_inherit mobiles-cols_1 valign_top type_default stacking_default\"><div class=\"wpb_column vc_column_container\"><div class=\"vc_column-inner\"><nav class=\"g-breadcrumbs separator_custom align_none\" itemscope itemtype=\"http:\/\/schema.org\/BreadcrumbList\"><div class=\"g-breadcrumbs-item\" itemscope itemprop=\"itemListElement\" itemtype=\"http:\/\/schema.org\/ListItem\"><a itemprop=\"item\" href=\"https:\/\/www.tomsgates.com\/fr\/\"><span itemprop=\"name\">Accueil<\/span><\/a><meta itemprop=\"position\" content=\"1\"\/><\/div><div class=\"g-breadcrumbs-separator\">\/<\/div><div class=\"g-breadcrumbs-item\">Pages<\/div><\/nav><div class=\"w-separator size_medium\"><\/div><div class=\"g-cols wpb_row via_grid cols_1 laptops-cols_inherit tablets-cols_inherit mobiles-cols_1 valign_top type_default stacking_default\" style=\"--columns-gap:3rem;\"><div class=\"wpb_column vc_column_container\"><div class=\"vc_column-inner\"><div class=\"wpb_text_column\"><div class=\"wpb_wrapper\"><h1>Bonjour, que pouvons-nous faire pour vous ?<\/h1>\n<\/div><\/div><\/div><\/div><\/div><div class=\"w-separator size_small\"><\/div><div class=\"g-cols wpb_row via_grid cols_7-5 laptops-cols_inherit tablets-cols_inherit mobiles-cols_1 valign_top type_default stacking_default\" style=\"--columns-gap:3rem;\"><div class=\"wpb_column vc_column_container\"><div class=\"vc_column-inner\"><div class=\"wpb_text_column\"><div class=\"wpb_wrapper\"><p>Vous n&rsquo;avez pas trouv\u00e9 la r\u00e9ponse \u00e0 votre question dans notre FAQ ? Vous avez une autre question ou un autre probl\u00e8me pour lequel vous souhaitez obtenir de l&rsquo;aide ? Contactez-nous en utilisant le formulaire ou num\u00e9ro de t\u00e9l\u00e9phone suivant.<\/p>\n<\/div><\/div><div class=\"w-separator size_medium\"><\/div><div class=\"w-hwrapper valign_middle wrap align_left\" style=\"--hwrapper-gap:2rem\"><div class=\"w-iconbox us_custom_c901145c iconpos_left style_circle color_custom align_left no_text\"><a href=\"mailto:ivan@tomsgates.com\" class=\"w-iconbox-link\" aria-label=\"ivan@tomsgates.com\"><div class=\"w-iconbox-icon\" style=\"font-size:1rem;--icon-color:#054D64;--icon-bg-color:#E9F5E9;\"><i class=\"material-icons\">mail_outline<\/i><\/div><\/a><div class=\"w-iconbox-meta\"><span class=\"w-iconbox-title\"><a href=\"mailto:ivan@tomsgates.com\" class=\"w-iconbox-link\" aria-label=\"ivan@tomsgates.com\">ivan@tomsgates.com<\/a><\/span><\/div><\/div><div class=\"w-iconbox us_custom_c901145c iconpos_left style_circle color_custom align_left no_text\"><a target=\"_blank\" rel=\"nofollow\" href=\"https:\/\/maps.app.goo.gl\/L2E3S69Lo13XyBXt8\" class=\"w-iconbox-link\" aria-label=\"Parc Industriel WOUW &#8211; Hermansstraat 21 &#8211; 2570 Duffel &#8211; Belgique\"><div class=\"w-iconbox-icon\" style=\"font-size:1rem;--icon-color:#054D64;--icon-bg-color:#E9F5E9;\"><i class=\"material-icons\">location_on<\/i><\/div><\/a><div class=\"w-iconbox-meta\"><span class=\"w-iconbox-title\"><a target=\"_blank\" rel=\"nofollow\" href=\"https:\/\/maps.app.goo.gl\/L2E3S69Lo13XyBXt8\" class=\"w-iconbox-link\" aria-label=\"Parc Industriel WOUW &#8211; Hermansstraat 21 &#8211; 2570 Duffel &#8211; Belgique\">Parc Industriel WOUW &#8211; Hermansstraat 21 &#8211; 2570 Duffel &#8211; Belgique<\/a><\/span><\/div><\/div><div class=\"w-iconbox us_custom_c901145c iconpos_left style_circle color_custom align_left no_text\"><div class=\"w-iconbox-icon\" style=\"font-size:1rem;--icon-color:#054D64;--icon-bg-color:#E9F5E9;\"><i class=\"material-icons\">apartment<\/i><\/div><div class=\"w-iconbox-meta\"><span class=\"w-iconbox-title\">Naviris bv<\/span><\/div><\/div><\/div><\/div><\/div><div class=\"wpb_column vc_column_container\"><div class=\"vc_column-inner\"><\/div><\/div><\/div><\/div><\/div><\/div><\/div><\/section><section class=\"l-section wpb_row us_custom_6b1d6fe5 bg--cornerRightTop has_text_color height_large\"><div class=\"l-section-h i-cf\"><div class=\"g-cols vc_row via_grid cols_1 laptops-cols_inherit tablets-cols_inherit mobiles-cols_1 valign_top type_default stacking_default\"><div class=\"wpb_column vc_column_container\"><div class=\"vc_column-inner\"><div class=\"g-cols wpb_row via_grid cols_1 laptops-cols_inherit tablets-cols_inherit mobiles-cols_1 valign_top type_default stacking_default\" style=\"--columns-gap:3rem;\"><div class=\"wpb_column vc_column_container\"><div class=\"vc_column-inner\"><div class=\"wpb_text_column us_custom_8b3d6790 has_text_color\"><div class=\"wpb_wrapper\"><h2>Contactez-nous<\/h2>\n<\/div><\/div><div class=\"w-separator size_medium\"><\/div>\n<div class=\"wpcf7 no-js\" id=\"wpcf7-f26295-o1\" lang=\"fr-FR\" dir=\"ltr\" data-wpcf7-id=\"26295\">\n<div class=\"screen-reader-response\"><p role=\"status\" aria-live=\"polite\" aria-atomic=\"true\"><\/p> <ul><\/ul><\/div>\n<form action=\"\/fr\/wp-json\/wp\/v2\/pages\/14388#wpcf7-f26295-o1\" method=\"post\" class=\"wpcf7-form init\" aria-label=\"Formulaire de contact\" enctype=\"multipart\/form-data\" novalidate=\"novalidate\" data-status=\"init\">\n<fieldset class=\"hidden-fields-container\"><input type=\"hidden\" name=\"_wpcf7\" value=\"26295\" \/><input type=\"hidden\" name=\"_wpcf7_version\" value=\"6.1.5\" \/><input type=\"hidden\" name=\"_wpcf7_locale\" value=\"fr_FR\" \/><input type=\"hidden\" name=\"_wpcf7_unit_tag\" value=\"wpcf7-f26295-o1\" \/><input type=\"hidden\" name=\"_wpcf7_container_post\" value=\"0\" \/><input type=\"hidden\" name=\"_wpcf7_posted_data_hash\" value=\"\" \/>\n<\/fieldset>\n<div id=\"contact-form\">\n\t<div class=\"via_grid g-cols cols_2 tablets-cols_1\">\n\t\t<div class=\"wpb_column vc_column_container\">\n\t\t\t<p><label> Pr\u00e9nom<sup>*<\/sup> <span class=\"wpcf7-form-control-wrap\" data-name=\"first-name\"><input size=\"40\" maxlength=\"400\" class=\"wpcf7-form-control wpcf7-text wpcf7-validates-as-required\" autocomplete=\"given-name\" aria-required=\"true\" aria-invalid=\"false\" placeholder=\"Tom\" value=\"\" type=\"text\" name=\"first-name\" \/><\/span> <\/label>\n\t\t\t<\/p>\n\t\t<\/div>\n\t\t<div class=\"wpb_column vc_column_container\">\n\t\t\t<p><label> Nom de famille<sup>*<\/sup> <span class=\"wpcf7-form-control-wrap\" data-name=\"family-name\"><input size=\"40\" maxlength=\"400\" class=\"wpcf7-form-control wpcf7-text wpcf7-validates-as-required\" autocomplete=\"family-name\" aria-required=\"true\" aria-invalid=\"false\" placeholder=\"Janssens\" value=\"\" type=\"text\" name=\"family-name\" \/><\/span> <\/label>\n\t\t\t<\/p>\n\t\t<\/div>\n\t<\/div>\n\t<div class=\"via_grid g-cols cols_2 tablets-cols_1\">\n\t\t<div class=\"wpb_column vc_column_container\">\n\t\t\t<p><label> Animal de compagnie<sup>*<\/sup> <span class=\"wpcf7-form-control-wrap\" data-name=\"pet\"><select class=\"wpcf7-form-control wpcf7-select wpcf7-validates-as-required\" aria-required=\"true\" aria-invalid=\"false\" name=\"pet\"><option value=\"\">&#8212;Veuillez choisir une option&#8212;<\/option><option value=\"Chien\">Chien<\/option><option value=\"Chat\">Chat<\/option><option value=\"Chien &amp; chat\">Chien &amp; chat<\/option><\/select><\/span> <\/label>\n\t\t\t<\/p>\n\t\t<\/div>\n\t\t<div class=\"wpb_column vc_column_container\">\n\t\t\t<p><label> Nom de votre animal<sup>*<\/sup> <span class=\"wpcf7-form-control-wrap\" data-name=\"pet-name\"><input size=\"40\" maxlength=\"400\" class=\"wpcf7-form-control wpcf7-text wpcf7-validates-as-required\" aria-required=\"true\" aria-invalid=\"false\" placeholder=\"Jack\" value=\"\" type=\"text\" name=\"pet-name\" \/><\/span> <\/label>\n\t\t\t<\/p>\n\t\t<\/div>\n\t<\/div>\n\t<div class=\"via_grid g-cols cols_2 tablets-cols_1\">\n\t\t<div class=\"wpb_column vc_column_container\">\n\t\t\t<p><label> E-mail<sup>*<\/sup> <span class=\"wpcf7-form-control-wrap\" data-name=\"email\"><input size=\"40\" maxlength=\"400\" class=\"wpcf7-form-control wpcf7-email wpcf7-validates-as-required wpcf7-text wpcf7-validates-as-email\" autocomplete=\"email\" aria-required=\"true\" aria-invalid=\"false\" placeholder=\"tomjanssens@mail.com\" value=\"\" type=\"email\" name=\"email\" \/><\/span> <\/label>\n\t\t\t<\/p>\n\t\t<\/div>\n\t\t<div class=\"wpb_column vc_column_container\">\n\t\t\t<p><label>Pays<sup>*<\/sup> <span class=\"wpcf7-form-control-wrap\" data-name=\"country\"><input size=\"40\" maxlength=\"400\" class=\"wpcf7-form-control wpcf7-text wpcf7-validates-as-required\" autocomplete=\"country\" aria-required=\"true\" aria-invalid=\"false\" placeholder=\"Belgique\" value=\"\" type=\"text\" name=\"country\" \/><\/span> <\/label>\n\t\t\t<\/p>\n\t\t<\/div>\n\t<\/div>\n\t<div class=\"via_grid g-cols cols_1\">\n\t\t<div class=\"wpb_column vc_column_container\">\n\t\t\t<p><label> Votre message<sup>*<\/sup> <span class=\"wpcf7-form-control-wrap\" data-name=\"question\"><textarea cols=\"40\" rows=\"10\" maxlength=\"2000\" class=\"wpcf7-form-control wpcf7-textarea wpcf7-validates-as-required\" aria-required=\"true\" aria-invalid=\"false\" placeholder=\"Ecrivez votre message ici...\" name=\"question\"><\/textarea><\/span> <\/label>\n\t\t\t<\/p>\n\t\t<\/div>\n\t<\/div>\n\t<div class=\"via_grid g-cols cols_2 tablets-cols_1\">\n\t\t<div class=\"wpb_column vc_column_container\">\n\t\t\t<p><label> T\u00e9l\u00e9chargez vos photos ici<br \/>\n<small>(Formats autoris\u00e9s: .jpg, .jpeg, .png | Max: 2MB)<\/small><\/label><br \/>\n<span class=\"wpcf7-form-control-wrap\" data-name=\"file-456\"><input size=\"40\" class=\"wpcf7-form-control wpcf7-file\" accept=\"image\/*\" aria-invalid=\"false\" type=\"file\" name=\"file-456\" \/><\/span>\n\t\t\t<\/p>\n\t\t<\/div>\n\t\t<div class=\"wpb_column vc_column_container\">\n\t\t<\/div>\n\t<\/div>\n<\/div>\n<div class=\"via_grid g-cols cols_1\">\n\t<div class=\"wpb_column vc_column_container w-btn-wrapper\">\n\t\t<p><input class=\"wpcf7-form-control wpcf7-submit has-spinner dark-border\" type=\"submit\" value=\"Envoyer\" \/>\n\t\t<\/p>\n\t<\/div>\n<\/div><input type='hidden' class='wpcf7-pum' value='{\"closepopup\":false,\"closedelay\":0,\"openpopup\":false,\"openpopup_id\":0}' \/><div class=\"wpcf7-response-output\" aria-hidden=\"true\"><\/div>\n<\/form>\n<\/div>\n<\/div><\/div><\/div><\/div><\/div><\/div><\/div><\/section><section class=\"l-section wpb_row us_custom_4c77c721 height_large\"><div class=\"l-section-h i-cf\"><div class=\"g-cols vc_row via_grid cols_5-7 laptops-cols_inherit tablets-cols_inherit mobiles-cols_1 valign_top type_default reversed stacking_default\"><div class=\"wpb_column vc_column_container\"><div class=\"vc_column-inner\"><div class=\"g-cols wpb_row via_grid cols_1 laptops-cols_inherit tablets-cols_inherit mobiles-cols_1 valign_top type_default stacking_default\" style=\"--columns-gap:3rem;\"><div class=\"wpb_column vc_column_container\"><div class=\"vc_column-inner\"><div class=\"w-image mask-right has_ratio align_none\"><div class=\"w-image-h\"><div style=\"padding-bottom:100%\"><\/div><img decoding=\"async\" width=\"683\" height=\"1024\" src=\"https:\/\/www.tomsgates.com\/wp-content\/uploads\/2023\/06\/over-ons-683x1024.png\" class=\"attachment-large size-large\" alt=\"\" loading=\"lazy\" \/><\/div><\/div><div class=\"w-image us_custom_dd7d3221 align_none\"><div class=\"w-image-h\"><img decoding=\"async\" width=\"1024\" height=\"1024\" src=\"https:\/\/www.tomsgates.com\/wp-content\/uploads\/2023\/05\/icon-peach.svg\" class=\"attachment-large size-large\" alt=\"\" loading=\"lazy\" \/><\/div><\/div><\/div><\/div><\/div><\/div><\/div><div class=\"wpb_column vc_column_container\"><div class=\"vc_column-inner\"><div class=\"g-cols wpb_row via_grid cols_1 laptops-cols_inherit tablets-cols_inherit mobiles-cols_1 valign_top type_default stacking_default\" style=\"--columns-gap:3rem;\"><div class=\"wpb_column vc_column_container\"><div class=\"vc_column-inner\"><div class=\"w-iconbox align--center iconpos_left style_default color_primary align_left icontype_img\"><div class=\"w-iconbox-icon\" style=\"font-size:120px;\"><img decoding=\"async\" width=\"512\" height=\"512\" src=\"https:\/\/www.tomsgates.com\/wp-content\/uploads\/2023\/05\/Ivan.png\" class=\"attachment-full size-full\" alt=\"\" srcset=\"https:\/\/www.tomsgates.com\/wp-content\/uploads\/2023\/05\/Ivan.png 512w, https:\/\/www.tomsgates.com\/wp-content\/uploads\/2023\/05\/Ivan-300x300.png 300w, https:\/\/www.tomsgates.com\/wp-content\/uploads\/2023\/05\/Ivan-150x150.png 150w, https:\/\/www.tomsgates.com\/wp-content\/uploads\/2023\/05\/Ivan-50x50.png 50w, https:\/\/www.tomsgates.com\/wp-content\/uploads\/2023\/05\/Ivan-100x100.png 100w\" sizes=\"(max-width: 512px) 100vw, 512px\" \/><\/div><div class=\"w-iconbox-meta\"><h4 class=\"w-iconbox-title\">Ivan Vandevivere<\/h4><div class=\"w-iconbox-text\"><h6>Directeur<\/h6>\n<\/div><\/div><\/div><\/div><\/div><\/div><div class=\"w-separator size_small\"><\/div><div class=\"g-cols wpb_row via_grid cols_2 laptops-cols_inherit tablets-cols_inherit mobiles-cols_1 valign_top type_default stacking_default\" style=\"--columns-gap:1.5rem;\"><div class=\"wpb_column vc_column_container us_custom_5e06772f\"><div class=\"vc_column-inner\"><div class=\"wpb_text_column\"><div class=\"wpb_wrapper\"><h5>Si\u00e8ge social en Belgique<\/h5>\n<table>\n<tbody>\n<tr>\n<td>T\u00e9l.<\/td>\n<td>+32 475 98 47 10<\/td>\n<\/tr>\n<tr>\n<td>TVA<\/td>\n<td>BE 0564.797.544<\/td>\n<\/tr>\n<tr>\n<td>Banque<\/td>\n<td>ING 04 3631 4007 6831<\/td>\n<\/tr>\n<\/tbody>\n<\/table>\n<\/div><\/div><\/div><\/div><div class=\"wpb_column vc_column_container us_custom_5e06772f\"><div class=\"vc_column-inner\"><div class=\"wpb_text_column\"><div class=\"wpb_wrapper\"><h5>Grande-Bretagne<\/h5>\n<table>\n<tbody>\n<tr>\n<td>T\u00e9l.<\/td>\n<td>+44 0800 077 3078<\/td>\n<\/tr>\n<tr>\n<td><\/td>\n<td><\/td>\n<\/tr>\n<tr>\n<td><\/td>\n<td><\/td>\n<\/tr>\n<tr>\n<td><\/td>\n<td><\/td>\n<\/tr>\n<\/tbody>\n<\/table>\n<\/div><\/div><\/div><\/div><\/div><div class=\"w-separator size_small\"><\/div><div class=\"g-cols wpb_row via_grid cols_1 laptops-cols_inherit tablets-cols_inherit mobiles-cols_1 valign_top type_default stacking_default\" style=\"--columns-gap:3rem;\"><div class=\"wpb_column vc_column_container us_custom_5e06772f\"><div class=\"vc_column-inner\"><div class=\"wpb_text_column\"><div class=\"wpb_wrapper\"><h5>Production<\/h5>\n<\/div><\/div><div class=\"w-separator size_custom\" style=\"height:1rem\"><\/div><div class=\"w-iconbox iconpos_left style_circle color_custom align_left no_text\"><div class=\"w-iconbox-icon\" style=\"font-size:1rem;--icon-color:#054D64;--icon-bg-color:#E9F5E9;\"><i class=\"material-icons\">handyman<\/i><\/div><div class=\"w-iconbox-meta\"><span class=\"w-iconbox-title\">Hermansstraat 21, 2570 Duffel, Belgium<\/span><\/div><\/div><\/div><\/div><\/div><\/div><\/div><\/div><\/div><\/section><section class=\"l-section wpb_row us_custom_887a049b height_large\"><div class=\"l-section-h i-cf\"><div class=\"g-cols vc_row via_grid cols_1 laptops-cols_inherit tablets-cols_inherit mobiles-cols_1 valign_top type_default stacking_default\"><div class=\"wpb_column vc_column_container\"><div class=\"vc_column-inner\"><div class=\"g-cols wpb_row via_grid cols_1 laptops-cols_inherit tablets-cols_inherit mobiles-cols_1 valign_top type_default stacking_default\" style=\"--columns-gap:3rem;\"><div class=\"wpb_column vc_column_container\"><div class=\"vc_column-inner\"><div class=\"wpb_text_column\"><div class=\"wpb_wrapper\"><p>La Commission europ\u00e9enne propose aux consommateurs une <span style=\"text-decoration: underline;\"><a href=\"https:\/\/ec.europa.eu\/consumers\/odr\/main\/index.cfm?event=main.home.chooseLanguage\">plateforme<\/a><\/span> pour r\u00e9gler les diff\u00e9rends en ligne.<\/p>\n<\/div><\/div><\/div><\/div><\/div><\/div><\/div><\/div><\/div><\/section>\n","protected":false},"excerpt":{"rendered":"Accueil\/PagesBonjour, que pouvons-nous faire pour vous ? Vous n&rsquo;avez pas trouv\u00e9 la r\u00e9ponse \u00e0 votre question dans notre FAQ ? Vous avez une autre question ou un autre probl\u00e8me pour lequel vous souhaitez obtenir de l&rsquo;aide ? Contactez-nous en utilisant le formulaire ou num\u00e9ro de t\u00e9l\u00e9phone suivant. mail_outlineivan@tomsgates.comlocation_onParc Industriel WOUW &#8211; Hermansstraat 21 &#8211; 2570...","protected":false},"author":664,"featured_media":12347,"parent":0,"menu_order":79,"comment_status":"closed","ping_status":"closed","template":"","meta":{"_acf_changed":false,"footnotes":""},"class_list":["post-14388","page","type-page","status-publish","has-post-thumbnail","hentry"],"acf":[],"yoast_head":"<!-- This site is optimized with the Yoast SEO plugin v27.4 - https:\/\/yoast.com\/product\/yoast-seo-wordpress\/ -->\n<title>Contactez Tomsgates pour des portes s\u00e9curis\u00e9es pour animaux<\/title>\n<meta name=\"description\" content=\"Vous avez une question ou un probl\u00e8me auquel nous pouvons vous aider \u00e0 trouver la solution? Contactez-nous en utilisant le formulaire suivant.\" \/>\n<meta name=\"robots\" content=\"index, follow, max-snippet:-1, max-image-preview:large, max-video-preview:-1\" \/>\n<link rel=\"canonical\" href=\"https:\/\/www.tomsgates.com\/fr\/contact\/\" \/>\n<meta property=\"og:locale\" content=\"fr_FR\" \/>\n<meta property=\"og:type\" content=\"article\" \/>\n<meta property=\"og:title\" content=\"Contactez Tomsgates pour des portes s\u00e9curis\u00e9es pour animaux\" \/>\n<meta property=\"og:description\" content=\"Vous avez une question ou un probl\u00e8me auquel nous pouvons vous aider \u00e0 trouver la solution? Contactez-nous en utilisant le formulaire suivant.\" \/>\n<meta property=\"og:url\" content=\"https:\/\/www.tomsgates.com\/fr\/contact\/\" \/>\n<meta property=\"og:site_name\" content=\"Tomsgates\" \/>\n<meta property=\"article:publisher\" content=\"https:\/\/www.facebook.com\/tomsgates.petdoors\" \/>\n<meta property=\"article:modified_time\" content=\"2025-07-18T08:54:07+00:00\" \/>\n<meta property=\"og:image\" content=\"https:\/\/www.tomsgates.com\/wp-content\/uploads\/2023\/06\/K2M-R2001-260-1-1-1024x706.png\" \/>\n\t<meta property=\"og:image:width\" content=\"1024\" \/>\n\t<meta property=\"og:image:height\" content=\"706\" \/>\n\t<meta property=\"og:image:type\" content=\"image\/png\" \/>\n<meta name=\"twitter:card\" content=\"summary_large_image\" \/>\n<meta name=\"twitter:label1\" content=\"Dur\u00e9e de lecture estim\u00e9e\" \/>\n\t<meta name=\"twitter:data1\" content=\"2 minutes\" \/>\n<script type=\"application\/ld+json\" class=\"yoast-schema-graph\">{\"@context\":\"https:\\\/\\\/schema.org\",\"@graph\":[{\"@type\":\"WebPage\",\"@id\":\"https:\\\/\\\/www.tomsgates.com\\\/fr\\\/contact\\\/\",\"url\":\"https:\\\/\\\/www.tomsgates.com\\\/fr\\\/contact\\\/\",\"name\":\"Contactez Tomsgates pour des portes s\u00e9curis\u00e9es pour animaux\",\"isPartOf\":{\"@id\":\"https:\\\/\\\/www.tomsgates.com\\\/fr\\\/#website\"},\"primaryImageOfPage\":{\"@id\":\"https:\\\/\\\/www.tomsgates.com\\\/fr\\\/contact\\\/#primaryimage\"},\"image\":{\"@id\":\"https:\\\/\\\/www.tomsgates.com\\\/fr\\\/contact\\\/#primaryimage\"},\"thumbnailUrl\":\"https:\\\/\\\/www.tomsgates.com\\\/wp-content\\\/uploads\\\/2023\\\/06\\\/K2M-R2001-260-1-1.png\",\"datePublished\":\"2023-05-08T05:53:10+00:00\",\"dateModified\":\"2025-07-18T08:54:07+00:00\",\"description\":\"Vous avez une question ou un probl\u00e8me auquel nous pouvons vous aider \u00e0 trouver la solution? Contactez-nous en utilisant le formulaire suivant.\",\"breadcrumb\":{\"@id\":\"https:\\\/\\\/www.tomsgates.com\\\/fr\\\/contact\\\/#breadcrumb\"},\"inLanguage\":\"fr-FR\",\"potentialAction\":[{\"@type\":\"ReadAction\",\"target\":[\"https:\\\/\\\/www.tomsgates.com\\\/fr\\\/contact\\\/\"]}]},{\"@type\":\"ImageObject\",\"inLanguage\":\"fr-FR\",\"@id\":\"https:\\\/\\\/www.tomsgates.com\\\/fr\\\/contact\\\/#primaryimage\",\"url\":\"https:\\\/\\\/www.tomsgates.com\\\/wp-content\\\/uploads\\\/2023\\\/06\\\/K2M-R2001-260-1-1.png\",\"contentUrl\":\"https:\\\/\\\/www.tomsgates.com\\\/wp-content\\\/uploads\\\/2023\\\/06\\\/K2M-R2001-260-1-1.png\",\"width\":1740,\"height\":1200},{\"@type\":\"BreadcrumbList\",\"@id\":\"https:\\\/\\\/www.tomsgates.com\\\/fr\\\/contact\\\/#breadcrumb\",\"itemListElement\":[{\"@type\":\"ListItem\",\"position\":1,\"name\":\"Home\",\"item\":\"https:\\\/\\\/www.tomsgates.com\\\/fr\\\/\"},{\"@type\":\"ListItem\",\"position\":2,\"name\":\"Contact\"}]},{\"@type\":\"WebSite\",\"@id\":\"https:\\\/\\\/www.tomsgates.com\\\/fr\\\/#website\",\"url\":\"https:\\\/\\\/www.tomsgates.com\\\/fr\\\/\",\"name\":\"Tomsgates\",\"description\":\"Fine Pet Equipment\",\"publisher\":{\"@id\":\"https:\\\/\\\/www.tomsgates.com\\\/fr\\\/#organization\"},\"potentialAction\":[{\"@type\":\"SearchAction\",\"target\":{\"@type\":\"EntryPoint\",\"urlTemplate\":\"https:\\\/\\\/www.tomsgates.com\\\/fr\\\/?s={search_term_string}\"},\"query-input\":{\"@type\":\"PropertyValueSpecification\",\"valueRequired\":true,\"valueName\":\"search_term_string\"}}],\"inLanguage\":\"fr-FR\"},{\"@type\":\"Organization\",\"@id\":\"https:\\\/\\\/www.tomsgates.com\\\/fr\\\/#organization\",\"name\":\"Tomsgates\",\"url\":\"https:\\\/\\\/www.tomsgates.com\\\/fr\\\/\",\"logo\":{\"@type\":\"ImageObject\",\"inLanguage\":\"fr-FR\",\"@id\":\"https:\\\/\\\/www.tomsgates.com\\\/fr\\\/#\\\/schema\\\/logo\\\/image\\\/\",\"url\":\"https:\\\/\\\/www.tomsgates.com\\\/wp-content\\\/uploads\\\/2023\\\/05\\\/logo-tomsgates.svg\",\"contentUrl\":\"https:\\\/\\\/www.tomsgates.com\\\/wp-content\\\/uploads\\\/2023\\\/05\\\/logo-tomsgates.svg\",\"width\":1,\"height\":1,\"caption\":\"Tomsgates\"},\"image\":{\"@id\":\"https:\\\/\\\/www.tomsgates.com\\\/fr\\\/#\\\/schema\\\/logo\\\/image\\\/\"},\"sameAs\":[\"https:\\\/\\\/www.facebook.com\\\/tomsgates.petdoors\",\"https:\\\/\\\/www.instagram.com\\\/tomsgates_com\\\/\"]}]}<\/script>\n<!-- \/ Yoast SEO plugin. -->","yoast_head_json":{"title":"Contactez Tomsgates pour des portes s\u00e9curis\u00e9es pour animaux","description":"Vous avez une question ou un probl\u00e8me auquel nous pouvons vous aider \u00e0 trouver la solution? Contactez-nous en utilisant le formulaire suivant.","robots":{"index":"index","follow":"follow","max-snippet":"max-snippet:-1","max-image-preview":"max-image-preview:large","max-video-preview":"max-video-preview:-1"},"canonical":"https:\/\/www.tomsgates.com\/fr\/contact\/","og_locale":"fr_FR","og_type":"article","og_title":"Contactez Tomsgates pour des portes s\u00e9curis\u00e9es pour animaux","og_description":"Vous avez une question ou un probl\u00e8me auquel nous pouvons vous aider \u00e0 trouver la solution? Contactez-nous en utilisant le formulaire suivant.","og_url":"https:\/\/www.tomsgates.com\/fr\/contact\/","og_site_name":"Tomsgates","article_publisher":"https:\/\/www.facebook.com\/tomsgates.petdoors","article_modified_time":"2025-07-18T08:54:07+00:00","og_image":[{"width":1024,"height":706,"url":"https:\/\/www.tomsgates.com\/wp-content\/uploads\/2023\/06\/K2M-R2001-260-1-1-1024x706.png","type":"image\/png"}],"twitter_card":"summary_large_image","twitter_misc":{"Dur\u00e9e de lecture estim\u00e9e":"2 minutes"},"schema":{"@context":"https:\/\/schema.org","@graph":[{"@type":"WebPage","@id":"https:\/\/www.tomsgates.com\/fr\/contact\/","url":"https:\/\/www.tomsgates.com\/fr\/contact\/","name":"Contactez Tomsgates pour des portes s\u00e9curis\u00e9es pour animaux","isPartOf":{"@id":"https:\/\/www.tomsgates.com\/fr\/#website"},"primaryImageOfPage":{"@id":"https:\/\/www.tomsgates.com\/fr\/contact\/#primaryimage"},"image":{"@id":"https:\/\/www.tomsgates.com\/fr\/contact\/#primaryimage"},"thumbnailUrl":"https:\/\/www.tomsgates.com\/wp-content\/uploads\/2023\/06\/K2M-R2001-260-1-1.png","datePublished":"2023-05-08T05:53:10+00:00","dateModified":"2025-07-18T08:54:07+00:00","description":"Vous avez une question ou un probl\u00e8me auquel nous pouvons vous aider \u00e0 trouver la solution? Contactez-nous en utilisant le formulaire suivant.","breadcrumb":{"@id":"https:\/\/www.tomsgates.com\/fr\/contact\/#breadcrumb"},"inLanguage":"fr-FR","potentialAction":[{"@type":"ReadAction","target":["https:\/\/www.tomsgates.com\/fr\/contact\/"]}]},{"@type":"ImageObject","inLanguage":"fr-FR","@id":"https:\/\/www.tomsgates.com\/fr\/contact\/#primaryimage","url":"https:\/\/www.tomsgates.com\/wp-content\/uploads\/2023\/06\/K2M-R2001-260-1-1.png","contentUrl":"https:\/\/www.tomsgates.com\/wp-content\/uploads\/2023\/06\/K2M-R2001-260-1-1.png","width":1740,"height":1200},{"@type":"BreadcrumbList","@id":"https:\/\/www.tomsgates.com\/fr\/contact\/#breadcrumb","itemListElement":[{"@type":"ListItem","position":1,"name":"Home","item":"https:\/\/www.tomsgates.com\/fr\/"},{"@type":"ListItem","position":2,"name":"Contact"}]},{"@type":"WebSite","@id":"https:\/\/www.tomsgates.com\/fr\/#website","url":"https:\/\/www.tomsgates.com\/fr\/","name":"Tomsgates","description":"Fine Pet Equipment","publisher":{"@id":"https:\/\/www.tomsgates.com\/fr\/#organization"},"potentialAction":[{"@type":"SearchAction","target":{"@type":"EntryPoint","urlTemplate":"https:\/\/www.tomsgates.com\/fr\/?s={search_term_string}"},"query-input":{"@type":"PropertyValueSpecification","valueRequired":true,"valueName":"search_term_string"}}],"inLanguage":"fr-FR"},{"@type":"Organization","@id":"https:\/\/www.tomsgates.com\/fr\/#organization","name":"Tomsgates","url":"https:\/\/www.tomsgates.com\/fr\/","logo":{"@type":"ImageObject","inLanguage":"fr-FR","@id":"https:\/\/www.tomsgates.com\/fr\/#\/schema\/logo\/image\/","url":"https:\/\/www.tomsgates.com\/wp-content\/uploads\/2023\/05\/logo-tomsgates.svg","contentUrl":"https:\/\/www.tomsgates.com\/wp-content\/uploads\/2023\/05\/logo-tomsgates.svg","width":1,"height":1,"caption":"Tomsgates"},"image":{"@id":"https:\/\/www.tomsgates.com\/fr\/#\/schema\/logo\/image\/"},"sameAs":["https:\/\/www.facebook.com\/tomsgates.petdoors","https:\/\/www.instagram.com\/tomsgates_com\/"]}]}},"_links":{"self":[{"href":"https:\/\/www.tomsgates.com\/fr\/wp-json\/wp\/v2\/pages\/14388","targetHints":{"allow":["GET"]}}],"collection":[{"href":"https:\/\/www.tomsgates.com\/fr\/wp-json\/wp\/v2\/pages"}],"about":[{"href":"https:\/\/www.tomsgates.com\/fr\/wp-json\/wp\/v2\/types\/page"}],"author":[{"embeddable":true,"href":"https:\/\/www.tomsgates.com\/fr\/wp-json\/wp\/v2\/users\/664"}],"replies":[{"embeddable":true,"href":"https:\/\/www.tomsgates.com\/fr\/wp-json\/wp\/v2\/comments?post=14388"}],"version-history":[{"count":12,"href":"https:\/\/www.tomsgates.com\/fr\/wp-json\/wp\/v2\/pages\/14388\/revisions"}],"predecessor-version":[{"id":32856,"href":"https:\/\/www.tomsgates.com\/fr\/wp-json\/wp\/v2\/pages\/14388\/revisions\/32856"}],"wp:featuredmedia":[{"embeddable":true,"href":"https:\/\/www.tomsgates.com\/fr\/wp-json\/wp\/v2\/media\/12347"}],"wp:attachment":[{"href":"https:\/\/www.tomsgates.com\/fr\/wp-json\/wp\/v2\/media?parent=14388"}],"curies":[{"name":"wp","href":"https:\/\/api.w.org\/{rel}","templated":true}]}}